{"id":7,"date":"2020-12-09T18:49:02","date_gmt":"2020-12-09T17:49:02","guid":{"rendered":"https:\/\/familie-e-motion.de\/?page_id=7"},"modified":"2020-12-09T18:52:05","modified_gmt":"2020-12-09T17:52:05","slug":"ueber-uns","status":"publish","type":"page","link":"https:\/\/familie-e-motion.de\/index.php\/ueber-uns\/","title":{"rendered":"\u00dcber mich"},"content":{"rendered":"\n<p><strong><em><u>Angie Jakob<\/u><\/em><\/strong><\/p>\n\n\n\n<p><strong><em><u>Mein Leben oder auch VITA<\/u><\/em><\/strong><\/p>\n\n\n\n<p><em>Wie hei\u00dft es so sch\u00f6n in der Werbung \u201e Ich leite ein kleines Familienunternehmen\u201c.<\/em><\/p>\n\n\n\n<p><em>Ja, dass ist nat\u00fcrlich noch mein kleiner \u201eNebenjob\u201c<\/em><\/p>\n\n\n\n<p><em>Als Mutter von zwei bereits pubertierenden Jugendlichen(Junge und M\u00e4dchen, also volles Programm) habe ich selbst vieles \u201eerlitten\u201c, \u201eertragen\u201c, \u201eausgesessen\u201c oder&nbsp; \u201eeinfach angepackt\u201c.<\/em><\/p>\n\n\n\n<p><em>Diese Qualifikation w\u00fcrde ich fast als wichtigstes Handwerkszeug f\u00fcr meine jetzige Arbeit bezeichnen.<\/em><\/p>\n\n\n\n<p><em>Da es aber in Deutschland ja nie ohne Studium, Diplom, Zertifikat und Referenzen geht, will ich kurz f\u00fcr all die Interessierten auch darauf eingehen.<\/em><\/p>\n\n\n\n<p><strong><em>Geboren bin ich hier&nbsp; in Hagen, gelebt habe ich schon an sch\u00f6nen anderen Fleckchen im Ruhrgebiet und im Bergischen Land.<\/em><\/strong><\/p>\n\n\n\n<p><strong><em>Aber es treibt mich nun beruflich doch wieder zur\u00fcck hier nach Hagen zu meinen Wurzeln.<\/em><\/strong><\/p>\n\n\n\n<p><strong><em>Studiert habe ich in D\u00fcsseldorf, ich arbeite in Essen und in Sprockh\u00f6vel, sowie Mobil auf Klientenwunsch. Inzwischen lebe ich wo sich Fuchs und Hase Gute Nacht sagen, mitten auf dem Land.<\/em><\/strong><\/p>\n\n\n\n<p><strong><em>Meine Qualifikationen und Motivationen eine eigene Praxis zu f\u00fchren sind recht breit gef\u00e4chert.<\/em><\/strong><\/p>\n\n\n\n<p><em>Wir h\u00e4tten da <strong>ein Studium<\/strong>(beim ersten Versuch leider das Falsche, aber \u201eDesign\u201c ist auch recht hilfreich bei der kreativen Arbeit mit Kindern)<\/em><\/p>\n\n\n\n<p><em>Nach der Geburt der eigenen Kinder \u00fcberdenkt man ja Vieles und schl\u00e4gt pl\u00f6tzlich ganz andere Wege ein.<\/em><\/p>\n\n\n\n<p><em>Da war es pl\u00f6tzlich die <strong>P\u00e4dagogik.<\/strong><\/em><\/p>\n\n\n\n<p><em>Erst in Anf\u00e4ngermanier als <strong>Leitung einer Krabbelgruppe<\/strong> gestartet und dann die Arbeit lieben gelernt.<\/em><\/p>\n\n\n\n<p><em>Seit 1998 erweiterte sich die p\u00e4dagogische Arbeit, auf immer mehr Fachgebiete.<\/em><\/p>\n\n\n\n<p><em>In der Erwachsenenbildung des Bildungswerks Essen arbeite ich nunmehr seit 14 Jahren als <strong>Referentin <\/strong>&nbsp;<\/em><\/p>\n\n\n\n<p><em>Ferner als <strong>Kursleiterin f\u00fcr Eltern- Kind Gruppen mit Fachschwerpunkten wie Entwicklungsf\u00f6rderung, Fr\u00fchf\u00f6rderung, Bewegung, Massage <\/strong>und nach weiterer<\/em><\/p>\n\n\n\n<p><strong><em>2 j\u00e4hriger Ausbildung <\/em><\/strong><em>in D\u00fcsseldorf (einer Spezialisierung auf die Arbeit mit Kindern und Eltern im ersten Lebensjahr) auch <strong>mit S\u00e4uglingen ab der ersten Lebenswoche<\/strong>.<\/em><\/p>\n\n\n\n<p><em>In einer Essener Kirchengemeinde war ich 10 Jahre lang als <strong>Jugendleiterin <\/strong>t\u00e4tig und arbeitete mit Kindern und Jugendlichen im Alter von 6-18 Jahren.<\/em><\/p>\n\n\n\n<p><em>Im Rahmen <strong>seelsorgerischer Arbeit<\/strong> dort, kam ich vor 2 Jahren auch zur <strong>Erziehungsberatung <\/strong>und <strong>Familienhilfe<\/strong>. Das ganze \u201elearning by doing\u201c mit viel Organisationstalent und Einf\u00fchlungsverm\u00f6gen in jungen Familien direkt bei ihnen zuhause \u201ean der Front\u201c.<\/em><\/p>\n\n\n\n<p><em>Aktuell folgte nun noch die <strong>psychologische Ausbildung zur Kinder-Jugend-Familienberaterin<\/strong>&nbsp; um das gesamte Spektrum auch ohne Psychologiestudium abzurunden und auch in eigener Praxis kompetent beraten zu k\u00f6nnen.<\/em><\/p>\n\n\n\n<p><em>Weitere Fachausbildungen zur<strong> Antiaggressions- -und AD(H)S Trainerin und zum Fachbereich Intelligenztestungen (LRS, Dyskalkulie)<\/strong> runden das Spektrum ab<\/em><\/p>\n\n\n\n<p><em>Detaillierte Inhalte des Studiums zur Kinder- Jugend- und Familienberaterin k\u00f6nnen Sie der angef\u00fcgten PDF Datei mit den Unterrichtsinhalten entnehmen.<\/em><\/p>\n","protected":false},"excerpt":{"rendered":"<p>Angie Jakob Mein Leben oder auch VITA Wie hei\u00dft es so sch\u00f6n in der Werbung \u201e Ich leite ein kleines Familienunternehmen\u201c. Ja, dass ist nat\u00fcrlich noch mein kleiner \u201eNebenjob\u201c Als Mutter von zwei bereits pubertierenden Jugendlichen(Junge und M\u00e4dchen, also volles Programm) habe ich selbst vieles \u201eerlitten\u201c, \u201eertragen\u201c, \u201eausgesessen\u201c oder&nbsp; \u201eeinfach angepackt\u201c. Diese Qualifikation w\u00fcrde ich&hellip; <a class=\"more-link\" href=\"https:\/\/familie-e-motion.de\/index.php\/ueber-uns\/\"><span class=\"screen-reader-text\">\u00dcber mich<\/span> weiterlesen<\/a><\/p>\n","protected":false},"author":1,"featured_media":0,"parent":0,"menu_order":0,"comment_status":"closed","ping_status":"closed","template":"","meta":{"footnotes":""},"class_list":["post-7","page","type-page","status-publish","hentry","entry"],"_links":{"self":[{"href":"https:\/\/familie-e-motion.de\/index.php\/wp-json\/wp\/v2\/pages\/7","targetHints":{"allow":["GET"]}}],"collection":[{"href":"https:\/\/familie-e-motion.de\/index.php\/wp-json\/wp\/v2\/pages"}],"about":[{"href":"https:\/\/familie-e-motion.de\/index.php\/wp-json\/wp\/v2\/types\/page"}],"author":[{"embeddable":true,"href":"https:\/\/familie-e-motion.de\/index.php\/wp-json\/wp\/v2\/users\/1"}],"replies":[{"embeddable":true,"href":"https:\/\/familie-e-motion.de\/index.php\/wp-json\/wp\/v2\/comments?post=7"}],"version-history":[{"count":3,"href":"https:\/\/familie-e-motion.de\/index.php\/wp-json\/wp\/v2\/pages\/7\/revisions"}],"predecessor-version":[{"id":25,"href":"https:\/\/familie-e-motion.de\/index.php\/wp-json\/wp\/v2\/pages\/7\/revisions\/25"}],"wp:attachment":[{"href":"https:\/\/familie-e-motion.de\/index.php\/wp-json\/wp\/v2\/media?parent=7"}],"curies":[{"name":"wp","href":"https:\/\/api.w.org\/{rel}","templated":true}]}}