{"id":6,"date":"2020-12-09T18:49:02","date_gmt":"2020-12-09T17:49:02","guid":{"rendered":"https:\/\/familie-e-motion.de\/?page_id=6"},"modified":"2020-12-09T18:57:55","modified_gmt":"2020-12-09T17:57:55","slug":"gestalte-deine-website-mit-bloecken","status":"publish","type":"page","link":"https:\/\/familie-e-motion.de\/","title":{"rendered":"\u201eHerzlich willkommenSch\u00f6n, dass Sie mich gefunden haben!\u201c"},"content":{"rendered":"\n<p><\/p>\n\n\n\n<p><\/p>\n\n\n\n<p><\/p>\n\n\n\n<p><strong><em><u>Ihnen mit Rat und Tat, kompetenter Unterst\u00fctzung und Begleitung in allen schwierigen Lebenslagen zur Seite zu stehen, sehe ich als Hauptideologie meiner Arbeit<\/u><\/em><\/strong><\/p>\n\n\n\n<p><strong><em><u>\u00dcber meine Arbeit<\/u><\/em><\/strong><\/p>\n\n\n\n<p><strong><em>Der Slogan \u201cDein Weg ist das Ziel\u201c sagt schon ein Wenig \u00fcber die Philosophie meiner Praxis aus. Ich m\u00f6chte keine Mediziner oder Spezialisten ersetzen, sondern Sie bei Stress, Problemen oder Fragen des Alltags auf dem Weg raus der Unsicherheit unterst\u00fctzen und begleiten.<\/em><\/strong><\/p>\n\n\n\n<p><strong><em>Bei meiner Arbeit sehe ich jeden Tag, an dem man helfen kann als Bereicherung.<\/em><\/strong><\/p>\n\n\n\n<p><strong><em>In meiner Praxis stehen diskrete und vertraute Beratung an erster Stelle. Ich helfe Ihnen gern dabei wieder Ruhe zu finden, L\u00f6sungsstrategien zur Bew\u00e4ltigung von Problemen zu entwickeln oder einfach nur Fragen rund um das Thema Familie zu beantworten.<\/em><\/strong><\/p>\n\n\n\n<p><strong><em>Man nimmt sich hier f\u00fcr Sie die die Zeit, f\u00fcr all Ihre Sorgen und Belange, die oft woanders nicht ausreichend vorhanden ist. Man h\u00f6rt zu und entwickelt gemeinsam mit Ihnen, in gesch\u00fctztem Rahmen ,individuelle L\u00f6sungen<\/em><\/strong><\/p>\n\n\n\n<p><strong><em>Ob Sie, oder Ihr Kind sich in einer Krisensituation befinden, einfach nur fachlichen Rat suchen oder tatkr\u00e4ftige Unterst\u00fctzung zur Problembew\u00e4ltigung ben\u00f6tigen, sind Sie hier in entspannter Atmosph\u00e4re richtig.<\/em><\/strong><\/p>\n\n\n\n<p><strong><em>Diese Arbeit erlaubt mir Ihnen bei Erziehungsfragen kompetent zur Seite zu stehen und Ver\u00e4nderungen bei Verhaltens- und Entwicklungsproblemen einzuleiten.<\/em><\/strong><\/p>\n\n\n\n<p><strong><em><u>Als in der Testdiagnostik ausgebildete Fachkraft (CFT 20 Intelligenztestung, DRT 5 LRS, Zareki Dyskalkulietest)ist es mir zur&nbsp; Abkl\u00e4rung eines eventuellen kausalem Zusammenhanges von Auff\u00e4lligkeiten und Lernschw\u00e4che erlaubt Tests durchzuf\u00fchren und entsprechende Verhaltensangebote zu machen, jedoch werden die Tests nicht zur Erstdiagnostik benutzt, da diese den Fach\u00e4rzten obliegt.<\/u><\/em><\/strong><\/p>\n\n\n\n<p><strong><em>Als ebenfalls ausgebildete zertifizierte AD(H S&nbsp; und Anti-Aggressions-Trainerin f\u00fchre ich unter anderem gezieltes Verhaltenstraining nach Lauth\/Schlottke und das Marburger Konzentrationstraining durch. Neu im Angebot ist auch das gelenkte Bewerbertraining mit individueller Analyse und Unterlagenoptimierung f\u00fcr einen tollen Berufsstart\/Umstieg<\/em><\/strong><\/p>\n\n\n\n<p><strong><em>Die Beratungsleistungen, Programme, Kurse und Workshops, k\u00f6nnen in vollem Umfang privat ohne Erfassung in \u00f6ffentlichen Akten, in Anspruch genommen werden und ohne einen b\u00fcrokratischen Ablauf in Gang zu setzen.<\/em><\/strong><\/p>\n\n\n\n<p><strong><em>Ich arbeite diskret und stehe selbstverst\u00e4ndlich unter Schweigepflicht.<br>Ich stelle keinerlei Diagnosen, arbeite aber auf Wunsch des Klienten, gern mit Fach\u00e4rzten und anderen Institutionen, wie Kinderg\u00e4rten und Schulen Arbeitgebern, zusammen.<\/em><\/strong><\/p>\n\n\n\n<p><strong><em>Als Kinder \u2013 Jugend &#8211; und Familienberater f\u00fchre ich Beratungsgespr\u00e4che und Ma\u00dfnahmen im Rahmen der\u201c Hilfen zur Erziehung\u201c nach dem Kinder- und Jugendhilfegesetz (SGB VII) eigenverantwortlich durch.<\/em><\/strong><\/p>\n\n\n\n<p><strong><em>Ich begleite Familien, Kinder und Jugendliche als Familienexperten bei sozialen Konfliktsituationen und sind aber auch kompetenter Ansprechpartner und Bindeglied f\u00fcr Jugend\u00e4mter. In Kooperation mit dem allgemeinen sozialen Dienst dieser Beh\u00f6rde plane ich gemeinsam so genannte \u201eFamilienhilfema\u00dfnahmen\u201c und f\u00fchre diese mit Sachverstand erfolgs- und zielorientiert durch.<\/em><\/strong><\/p>\n\n\n\n<p><strong><em><u>Sie finden Unterst\u00fctzung zu folgenden Themen:<\/u><\/em><\/strong><\/p>\n\n\n\n<p><strong><em>*Probleme in Kindergarten \/ Schule \/ Beruf<\/em><\/strong><\/p>\n\n\n\n<p><strong><em>Stress \/ k\u00f6rperliche Unruhe im Alltag<\/em><\/strong><\/p>\n\n\n\n<p><em>*<strong>Aus Paaren werden Eltern<\/strong><\/em><\/p>\n\n\n\n<p><strong><em>*Ern\u00e4hrung und Handling von<\/em><\/strong><\/p>\n\n\n\n<p><strong><em>S\u00e4uglingen, Schreibabys<\/em><\/strong><\/p>\n\n\n\n<p><strong><em>*K\u00f6rperwahrnehmung und<\/em><\/strong><\/p>\n\n\n\n<p><strong><em>Bewegungsentwicklung<\/em><\/strong><\/p>\n\n\n\n<p><strong><em>*Psychomotorische Entwicklung<\/em><\/strong><\/p>\n\n\n\n<p><strong><em>*Schlafen \/ Schlafst\u00f6rungen<\/em><\/strong><\/p>\n\n\n\n<p><strong><em>*ADS, AD(H)S<\/em><\/strong><\/p>\n\n\n\n<p><strong><em>*\u00c4ngste<\/em><\/strong><\/p>\n\n\n\n<p><strong><em>*Entwicklungsst\u00f6rungen<\/em><\/strong><\/p>\n\n\n\n<p><strong><em>*Aggressives Verhalten<\/em><\/strong><\/p>\n\n\n\n<p><strong><em>*Lernschwierigkeiten<\/em><\/strong><\/p>\n\n\n\n<p><strong><em>*Gewalt<\/em><\/strong><\/p>\n\n\n\n<p><strong><em>*Trennung \/ Scheidungsprobleme<\/em><\/strong><\/p>\n\n\n\n<p><strong><em>*Pl\u00f6tzlich alleinerziehend<\/em><\/strong><\/p>\n\n\n\n<p><strong><em>*Trauerbew\u00e4ltigung<\/em><\/strong>&#8222;<\/p>\n","protected":false},"excerpt":{"rendered":"<p>Ihnen mit Rat und Tat, kompetenter Unterst\u00fctzung und Begleitung in allen schwierigen Lebenslagen zur Seite zu stehen, sehe ich als Hauptideologie meiner Arbeit \u00dcber meine Arbeit Der Slogan \u201cDein Weg ist das Ziel\u201c sagt schon ein Wenig \u00fcber die Philosophie meiner Praxis aus. Ich m\u00f6chte keine Mediziner oder Spezialisten ersetzen, sondern Sie bei Stress, Problemen&hellip; <a class=\"more-link\" href=\"https:\/\/familie-e-motion.de\/\"><span class=\"screen-reader-text\">\u201eHerzlich willkommenSch\u00f6n, dass Sie mich gefunden haben!\u201c<\/span> weiterlesen<\/a><\/p>\n","protected":false},"author":1,"featured_media":0,"parent":0,"menu_order":0,"comment_status":"closed","ping_status":"closed","template":"","meta":{"footnotes":""},"class_list":["post-6","page","type-page","status-publish","hentry","entry"],"_links":{"self":[{"href":"https:\/\/familie-e-motion.de\/index.php\/wp-json\/wp\/v2\/pages\/6","targetHints":{"allow":["GET"]}}],"collection":[{"href":"https:\/\/familie-e-motion.de\/index.php\/wp-json\/wp\/v2\/pages"}],"about":[{"href":"https:\/\/familie-e-motion.de\/index.php\/wp-json\/wp\/v2\/types\/page"}],"author":[{"embeddable":true,"href":"https:\/\/familie-e-motion.de\/index.php\/wp-json\/wp\/v2\/users\/1"}],"replies":[{"embeddable":true,"href":"https:\/\/familie-e-motion.de\/index.php\/wp-json\/wp\/v2\/comments?post=6"}],"version-history":[{"count":3,"href":"https:\/\/familie-e-motion.de\/index.php\/wp-json\/wp\/v2\/pages\/6\/revisions"}],"predecessor-version":[{"id":27,"href":"https:\/\/familie-e-motion.de\/index.php\/wp-json\/wp\/v2\/pages\/6\/revisions\/27"}],"wp:attachment":[{"href":"https:\/\/familie-e-motion.de\/index.php\/wp-json\/wp\/v2\/media?parent=6"}],"curies":[{"name":"wp","href":"https:\/\/api.w.org\/{rel}","templated":true}]}}